{"id":180,"date":"2020-04-28T13:24:28","date_gmt":"2020-04-28T11:24:28","guid":{"rendered":"http:\/\/20.wj-karlsruhe.de.dedi4031.your-server.de\/?page_id=180"},"modified":"2023-07-19T13:18:06","modified_gmt":"2023-07-19T13:18:06","slug":"ueber-uns","status":"publish","type":"page","link":"https:\/\/www.wirtschaftsjunioren-dillingen.de\/wordpress\/index.php\/ueber-uns\/","title":{"rendered":"\u00dcber uns"},"content":{"rendered":"<div class=\"v-hero hero has-max-width mb-xxl\"><div class=\"hero-swiper test swiper-container\"><div class=\"swiper-wrapper\"><\/div><\/div><div class=\"hero__box hero__no_image is-highlighted\"><h1 class=\"hero__headline\">WJ Dillingen<\/h1><h3 class=\"hero__subheadline\"><\/h3><\/div><\/div>\n\n<div class=\"headline-section\"><div class=\"headline-section__content container text-left\"><h2 class=\"headline-section__headline is-highlighted\">Die Wirtschaftsjunioren stellen sich vor<\/h2><\/div><\/div><div class=\"section\" data-card-image-height=\"-1\" data-card-image-orientation=\"image-middle-center\"><div class=\"section__content container\">\n<div class=\"wp-block-wjd-group\">\n<p>Wir Wirtschaftsjunioren: Das sind rund 10.000 Unternehmer und F\u00fchrungskr\u00e4fte unter 40 Jahren. Wir sind global vernetzt und als gr\u00f6\u00dftes Netzwerk junger Wirtschaft in Deutschland mit rund 215 Mitgliedskreisen vor Ort pr\u00e4sent. Die <strong>Wirtschaftsjunioren in Karlsruhe bestehen aus rund 160 aktive Mitglieder<\/strong> und mehr als 150 F\u00f6rderkreismitglieder, die den Wirtschaftsjunioren trotz des \u00dcberschreitens der Altersgrenze weiterhin beratend zur Seite stehen. <\/p>\n\n\n\n<p>Der Erfahrungsaustausch und die gemeinsame Projektbearbeitung geben den Mitgliedern die Gelegenheit, ihre Interessen und F\u00e4higkeiten einzusetzen und aktuelle Themen mit Leben zu f\u00fcllen. Dadurch wird es m\u00f6glich, \u00fcber den Tellerrand des eigenen Unternehmens hinaus zu blicken.<\/p>\n\n\n\n<p><strong>Wer bei uns mitmacht, engagiert sich im Beruf und will dar\u00fcber hinaus auch etwas bewegen.<\/strong><\/p>\n\n\n\n<p>Mit unserem wirtschaftspolitischen und gesellschaftlichen Engagement \u00fcbernehmen wir Verantwortung f\u00fcr die Zukunft und geben der jungen Wirtschaft eine Stimme.&nbsp;Wir f\u00f6rdern den Austausch und die Entwicklung junger Unternehmer und F\u00fchrungskr\u00e4fte.<\/p>\n<\/div>\n<\/div><\/div>","protected":false},"excerpt":{"rendered":"","protected":false},"author":1,"featured_media":0,"parent":0,"menu_order":2,"comment_status":"closed","ping_status":"closed","template":"","meta":{"footnotes":""},"class_list":["post-180","page","type-page","status-publish","hentry"],"yoast_head":"<!-- This site is optimized with the Yoast SEO plugin v26.0 - https:\/\/yoast.com\/wordpress\/plugins\/seo\/ -->\n<title>\u00dcber uns - Wirtschaftsjunioren Dillingen<\/title>\n<meta name=\"description\" content=\"Die Wirtschaftsjunioren in Karlsruhe stellen sich vor: Erfahren Sie mehr \u00fcber unsere Arbeit im Kreis Karlsruhe, die WJ auf Bundesebene und JCI weltweit.\" \/>\n<meta name=\"robots\" content=\"index, follow, max-snippet:-1, max-image-preview:large, max-video-preview:-1\" \/>\n<link rel=\"canonical\" href=\"https:\/\/www.wirtschaftsjunioren-dillingen.de\/wordpress\/index.php\/ueber-uns\/\" \/>\n<meta property=\"og:locale\" content=\"de_DE\" \/>\n<meta property=\"og:type\" content=\"article\" \/>\n<meta property=\"og:title\" content=\"\u00dcber uns - Wirtschaftsjunioren Dillingen\" \/>\n<meta property=\"og:description\" content=\"Die Wirtschaftsjunioren in Karlsruhe stellen sich vor: Erfahren Sie mehr \u00fcber unsere Arbeit im Kreis Karlsruhe, die WJ auf Bundesebene und JCI weltweit.\" \/>\n<meta property=\"og:url\" content=\"https:\/\/www.wirtschaftsjunioren-dillingen.de\/wordpress\/index.php\/ueber-uns\/\" \/>\n<meta property=\"og:site_name\" content=\"Wirtschaftsjunioren Dillingen\" \/>\n<meta property=\"article:publisher\" content=\"https:\/\/www.facebook.com\/wj.dlg\/\" \/>\n<meta property=\"article:modified_time\" content=\"2023-07-19T13:18:06+00:00\" \/>\n<meta name=\"twitter:card\" content=\"summary_large_image\" \/>\n<meta name=\"twitter:label1\" content=\"Gesch\u00e4tzte Lesezeit\" \/>\n\t<meta name=\"twitter:data1\" content=\"1\u00a0Minute\" \/>\n<script type=\"application\/ld+json\" class=\"yoast-schema-graph\">{\"@context\":\"https:\/\/schema.org\",\"@graph\":[{\"@type\":\"WebPage\",\"@id\":\"https:\/\/www.wirtschaftsjunioren-dillingen.de\/wordpress\/index.php\/ueber-uns\/\",\"url\":\"https:\/\/www.wirtschaftsjunioren-dillingen.de\/wordpress\/index.php\/ueber-uns\/\",\"name\":\"\u00dcber uns - Wirtschaftsjunioren Dillingen\",\"isPartOf\":{\"@id\":\"https:\/\/www.wirtschaftsjunioren-dillingen.de\/wordpress\/#website\"},\"datePublished\":\"2020-04-28T11:24:28+00:00\",\"dateModified\":\"2023-07-19T13:18:06+00:00\",\"description\":\"Die Wirtschaftsjunioren in Karlsruhe stellen sich vor: Erfahren Sie mehr \u00fcber unsere Arbeit im Kreis Karlsruhe, die WJ auf Bundesebene und JCI weltweit.\",\"breadcrumb\":{\"@id\":\"https:\/\/www.wirtschaftsjunioren-dillingen.de\/wordpress\/index.php\/ueber-uns\/#breadcrumb\"},\"inLanguage\":\"de\",\"potentialAction\":[{\"@type\":\"ReadAction\",\"target\":[\"https:\/\/www.wirtschaftsjunioren-dillingen.de\/wordpress\/index.php\/ueber-uns\/\"]}]},{\"@type\":\"BreadcrumbList\",\"@id\":\"https:\/\/www.wirtschaftsjunioren-dillingen.de\/wordpress\/index.php\/ueber-uns\/#breadcrumb\",\"itemListElement\":[{\"@type\":\"ListItem\",\"position\":1,\"name\":\"Home\",\"item\":\"https:\/\/www.wirtschaftsjunioren-dillingen.de\/wordpress\/\"},{\"@type\":\"ListItem\",\"position\":2,\"name\":\"\u00dcber uns\"}]},{\"@type\":\"WebSite\",\"@id\":\"https:\/\/www.wirtschaftsjunioren-dillingen.de\/wordpress\/#website\",\"url\":\"https:\/\/www.wirtschaftsjunioren-dillingen.de\/wordpress\/\",\"name\":\"Wirtschaftsjunioren Dillingen\",\"description\":\"Die Seite der WJ Dillingen\",\"publisher\":{\"@id\":\"https:\/\/www.wirtschaftsjunioren-dillingen.de\/wordpress\/#organization\"},\"potentialAction\":[{\"@type\":\"SearchAction\",\"target\":{\"@type\":\"EntryPoint\",\"urlTemplate\":\"https:\/\/www.wirtschaftsjunioren-dillingen.de\/wordpress\/?s={search_term_string}\"},\"query-input\":{\"@type\":\"PropertyValueSpecification\",\"valueRequired\":true,\"valueName\":\"search_term_string\"}}],\"inLanguage\":\"de\"},{\"@type\":\"Organization\",\"@id\":\"https:\/\/www.wirtschaftsjunioren-dillingen.de\/wordpress\/#organization\",\"name\":\"Wirtschaftsjunioren Dillingen\",\"url\":\"https:\/\/www.wirtschaftsjunioren-dillingen.de\/wordpress\/\",\"logo\":{\"@type\":\"ImageObject\",\"inLanguage\":\"de\",\"@id\":\"https:\/\/www.wirtschaftsjunioren-dillingen.de\/wordpress\/#\/schema\/logo\/image\/\",\"url\":\"https:\/\/www.wirtschaftsjunioren-dillingen.de\/wordpress\/wp-content\/uploads\/2023\/07\/Dillingen.svg\",\"contentUrl\":\"https:\/\/www.wirtschaftsjunioren-dillingen.de\/wordpress\/wp-content\/uploads\/2023\/07\/Dillingen.svg\",\"width\":388,\"height\":107,\"caption\":\"Wirtschaftsjunioren Dillingen\"},\"image\":{\"@id\":\"https:\/\/www.wirtschaftsjunioren-dillingen.de\/wordpress\/#\/schema\/logo\/image\/\"},\"sameAs\":[\"https:\/\/www.facebook.com\/wj.dlg\/\"]}]}<\/script>\n<!-- \/ Yoast SEO plugin. -->","yoast_head_json":{"title":"\u00dcber uns - Wirtschaftsjunioren Dillingen","description":"Die Wirtschaftsjunioren in Karlsruhe stellen sich vor: Erfahren Sie mehr \u00fcber unsere Arbeit im Kreis Karlsruhe, die WJ auf Bundesebene und JCI weltweit.","robots":{"index":"index","follow":"follow","max-snippet":"max-snippet:-1","max-image-preview":"max-image-preview:large","max-video-preview":"max-video-preview:-1"},"canonical":"https:\/\/www.wirtschaftsjunioren-dillingen.de\/wordpress\/index.php\/ueber-uns\/","og_locale":"de_DE","og_type":"article","og_title":"\u00dcber uns - Wirtschaftsjunioren Dillingen","og_description":"Die Wirtschaftsjunioren in Karlsruhe stellen sich vor: Erfahren Sie mehr \u00fcber unsere Arbeit im Kreis Karlsruhe, die WJ auf Bundesebene und JCI weltweit.","og_url":"https:\/\/www.wirtschaftsjunioren-dillingen.de\/wordpress\/index.php\/ueber-uns\/","og_site_name":"Wirtschaftsjunioren Dillingen","article_publisher":"https:\/\/www.facebook.com\/wj.dlg\/","article_modified_time":"2023-07-19T13:18:06+00:00","twitter_card":"summary_large_image","twitter_misc":{"Gesch\u00e4tzte Lesezeit":"1\u00a0Minute"},"schema":{"@context":"https:\/\/schema.org","@graph":[{"@type":"WebPage","@id":"https:\/\/www.wirtschaftsjunioren-dillingen.de\/wordpress\/index.php\/ueber-uns\/","url":"https:\/\/www.wirtschaftsjunioren-dillingen.de\/wordpress\/index.php\/ueber-uns\/","name":"\u00dcber uns - Wirtschaftsjunioren Dillingen","isPartOf":{"@id":"https:\/\/www.wirtschaftsjunioren-dillingen.de\/wordpress\/#website"},"datePublished":"2020-04-28T11:24:28+00:00","dateModified":"2023-07-19T13:18:06+00:00","description":"Die Wirtschaftsjunioren in Karlsruhe stellen sich vor: Erfahren Sie mehr \u00fcber unsere Arbeit im Kreis Karlsruhe, die WJ auf Bundesebene und JCI weltweit.","breadcrumb":{"@id":"https:\/\/www.wirtschaftsjunioren-dillingen.de\/wordpress\/index.php\/ueber-uns\/#breadcrumb"},"inLanguage":"de","potentialAction":[{"@type":"ReadAction","target":["https:\/\/www.wirtschaftsjunioren-dillingen.de\/wordpress\/index.php\/ueber-uns\/"]}]},{"@type":"BreadcrumbList","@id":"https:\/\/www.wirtschaftsjunioren-dillingen.de\/wordpress\/index.php\/ueber-uns\/#breadcrumb","itemListElement":[{"@type":"ListItem","position":1,"name":"Home","item":"https:\/\/www.wirtschaftsjunioren-dillingen.de\/wordpress\/"},{"@type":"ListItem","position":2,"name":"\u00dcber uns"}]},{"@type":"WebSite","@id":"https:\/\/www.wirtschaftsjunioren-dillingen.de\/wordpress\/#website","url":"https:\/\/www.wirtschaftsjunioren-dillingen.de\/wordpress\/","name":"Wirtschaftsjunioren Dillingen","description":"Die Seite der WJ Dillingen","publisher":{"@id":"https:\/\/www.wirtschaftsjunioren-dillingen.de\/wordpress\/#organization"},"potentialAction":[{"@type":"SearchAction","target":{"@type":"EntryPoint","urlTemplate":"https:\/\/www.wirtschaftsjunioren-dillingen.de\/wordpress\/?s={search_term_string}"},"query-input":{"@type":"PropertyValueSpecification","valueRequired":true,"valueName":"search_term_string"}}],"inLanguage":"de"},{"@type":"Organization","@id":"https:\/\/www.wirtschaftsjunioren-dillingen.de\/wordpress\/#organization","name":"Wirtschaftsjunioren Dillingen","url":"https:\/\/www.wirtschaftsjunioren-dillingen.de\/wordpress\/","logo":{"@type":"ImageObject","inLanguage":"de","@id":"https:\/\/www.wirtschaftsjunioren-dillingen.de\/wordpress\/#\/schema\/logo\/image\/","url":"https:\/\/www.wirtschaftsjunioren-dillingen.de\/wordpress\/wp-content\/uploads\/2023\/07\/Dillingen.svg","contentUrl":"https:\/\/www.wirtschaftsjunioren-dillingen.de\/wordpress\/wp-content\/uploads\/2023\/07\/Dillingen.svg","width":388,"height":107,"caption":"Wirtschaftsjunioren Dillingen"},"image":{"@id":"https:\/\/www.wirtschaftsjunioren-dillingen.de\/wordpress\/#\/schema\/logo\/image\/"},"sameAs":["https:\/\/www.facebook.com\/wj.dlg\/"]}]}},"_links":{"self":[{"href":"https:\/\/www.wirtschaftsjunioren-dillingen.de\/wordpress\/index.php\/wp-json\/wp\/v2\/pages\/180","targetHints":{"allow":["GET"]}}],"collection":[{"href":"https:\/\/www.wirtschaftsjunioren-dillingen.de\/wordpress\/index.php\/wp-json\/wp\/v2\/pages"}],"about":[{"href":"https:\/\/www.wirtschaftsjunioren-dillingen.de\/wordpress\/index.php\/wp-json\/wp\/v2\/types\/page"}],"author":[{"embeddable":true,"href":"https:\/\/www.wirtschaftsjunioren-dillingen.de\/wordpress\/index.php\/wp-json\/wp\/v2\/users\/1"}],"replies":[{"embeddable":true,"href":"https:\/\/www.wirtschaftsjunioren-dillingen.de\/wordpress\/index.php\/wp-json\/wp\/v2\/comments?post=180"}],"version-history":[{"count":1,"href":"https:\/\/www.wirtschaftsjunioren-dillingen.de\/wordpress\/index.php\/wp-json\/wp\/v2\/pages\/180\/revisions"}],"predecessor-version":[{"id":136381,"href":"https:\/\/www.wirtschaftsjunioren-dillingen.de\/wordpress\/index.php\/wp-json\/wp\/v2\/pages\/180\/revisions\/136381"}],"wp:attachment":[{"href":"https:\/\/www.wirtschaftsjunioren-dillingen.de\/wordpress\/index.php\/wp-json\/wp\/v2\/media?parent=180"}],"curies":[{"name":"wp","href":"https:\/\/api.w.org\/{rel}","templated":true}]}}