{"id":266,"date":"2020-05-08T10:24:08","date_gmt":"2020-05-08T08:24:08","guid":{"rendered":"http:\/\/20.wj-karlsruhe.de.dedi4031.your-server.de\/?page_id=266"},"modified":"2023-07-19T16:28:29","modified_gmt":"2023-07-19T16:28:29","slug":"historie","status":"publish","type":"page","link":"https:\/\/www.wirtschaftsjunioren-dillingen.de\/wordpress\/index.php\/ueber-uns\/historie\/","title":{"rendered":"Historie"},"content":{"rendered":"\n<p>Wir werden eine Historie St\u00fcck f\u00fcr St\u00fcck auf unserer neuen Homepage aufbauen.<\/p>\n","protected":false},"excerpt":{"rendered":"<p>Wir werden eine Historie St\u00fcck f\u00fcr St\u00fcck auf unserer neuen Homepage aufbauen.<\/p>\n","protected":false},"author":1,"featured_media":0,"parent":180,"menu_order":4,"comment_status":"closed","ping_status":"closed","template":"","meta":{"footnotes":""},"class_list":["post-266","page","type-page","status-publish","hentry"],"yoast_head":"<!-- This site is optimized with the Yoast SEO plugin v26.0 - https:\/\/yoast.com\/wordpress\/plugins\/seo\/ -->\n<title>Historie - Wirtschaftsjunioren Dillingen<\/title>\n<meta name=\"robots\" content=\"index, follow, max-snippet:-1, max-image-preview:large, max-video-preview:-1\" \/>\n<link rel=\"canonical\" href=\"https:\/\/www.wirtschaftsjunioren-dillingen.de\/wordpress\/index.php\/ueber-uns\/historie\/\" \/>\n<meta property=\"og:locale\" content=\"de_DE\" \/>\n<meta property=\"og:type\" content=\"article\" \/>\n<meta property=\"og:title\" content=\"Historie - Wirtschaftsjunioren Dillingen\" \/>\n<meta property=\"og:description\" content=\"Wir werden eine Historie St\u00fcck f\u00fcr St\u00fcck auf unserer neuen Homepage aufbauen.\" \/>\n<meta property=\"og:url\" content=\"https:\/\/www.wirtschaftsjunioren-dillingen.de\/wordpress\/index.php\/ueber-uns\/historie\/\" \/>\n<meta property=\"og:site_name\" content=\"Wirtschaftsjunioren Dillingen\" \/>\n<meta property=\"article:publisher\" content=\"https:\/\/www.facebook.com\/wj.dlg\/\" \/>\n<meta property=\"article:modified_time\" content=\"2023-07-19T16:28:29+00:00\" \/>\n<meta name=\"twitter:card\" content=\"summary_large_image\" \/>\n<meta name=\"twitter:label1\" content=\"Gesch\u00e4tzte Lesezeit\" \/>\n\t<meta name=\"twitter:data1\" content=\"1\u00a0Minute\" \/>\n<script type=\"application\/ld+json\" class=\"yoast-schema-graph\">{\"@context\":\"https:\/\/schema.org\",\"@graph\":[{\"@type\":\"WebPage\",\"@id\":\"https:\/\/www.wirtschaftsjunioren-dillingen.de\/wordpress\/index.php\/ueber-uns\/historie\/\",\"url\":\"https:\/\/www.wirtschaftsjunioren-dillingen.de\/wordpress\/index.php\/ueber-uns\/historie\/\",\"name\":\"Historie - Wirtschaftsjunioren Dillingen\",\"isPartOf\":{\"@id\":\"https:\/\/www.wirtschaftsjunioren-dillingen.de\/wordpress\/#website\"},\"datePublished\":\"2020-05-08T08:24:08+00:00\",\"dateModified\":\"2023-07-19T16:28:29+00:00\",\"breadcrumb\":{\"@id\":\"https:\/\/www.wirtschaftsjunioren-dillingen.de\/wordpress\/index.php\/ueber-uns\/historie\/#breadcrumb\"},\"inLanguage\":\"de\",\"potentialAction\":[{\"@type\":\"ReadAction\",\"target\":[\"https:\/\/www.wirtschaftsjunioren-dillingen.de\/wordpress\/index.php\/ueber-uns\/historie\/\"]}]},{\"@type\":\"BreadcrumbList\",\"@id\":\"https:\/\/www.wirtschaftsjunioren-dillingen.de\/wordpress\/index.php\/ueber-uns\/historie\/#breadcrumb\",\"itemListElement\":[{\"@type\":\"ListItem\",\"position\":1,\"name\":\"Home\",\"item\":\"https:\/\/www.wirtschaftsjunioren-dillingen.de\/wordpress\/\"},{\"@type\":\"ListItem\",\"position\":2,\"name\":\"\u00dcber uns\",\"item\":\"https:\/\/www.wirtschaftsjunioren-dillingen.de\/wordpress\/index.php\/ueber-uns\/\"},{\"@type\":\"ListItem\",\"position\":3,\"name\":\"Historie\"}]},{\"@type\":\"WebSite\",\"@id\":\"https:\/\/www.wirtschaftsjunioren-dillingen.de\/wordpress\/#website\",\"url\":\"https:\/\/www.wirtschaftsjunioren-dillingen.de\/wordpress\/\",\"name\":\"Wirtschaftsjunioren Dillingen\",\"description\":\"Die Seite der WJ Dillingen\",\"publisher\":{\"@id\":\"https:\/\/www.wirtschaftsjunioren-dillingen.de\/wordpress\/#organization\"},\"potentialAction\":[{\"@type\":\"SearchAction\",\"target\":{\"@type\":\"EntryPoint\",\"urlTemplate\":\"https:\/\/www.wirtschaftsjunioren-dillingen.de\/wordpress\/?s={search_term_string}\"},\"query-input\":{\"@type\":\"PropertyValueSpecification\",\"valueRequired\":true,\"valueName\":\"search_term_string\"}}],\"inLanguage\":\"de\"},{\"@type\":\"Organization\",\"@id\":\"https:\/\/www.wirtschaftsjunioren-dillingen.de\/wordpress\/#organization\",\"name\":\"Wirtschaftsjunioren Dillingen\",\"url\":\"https:\/\/www.wirtschaftsjunioren-dillingen.de\/wordpress\/\",\"logo\":{\"@type\":\"ImageObject\",\"inLanguage\":\"de\",\"@id\":\"https:\/\/www.wirtschaftsjunioren-dillingen.de\/wordpress\/#\/schema\/logo\/image\/\",\"url\":\"https:\/\/www.wirtschaftsjunioren-dillingen.de\/wordpress\/wp-content\/uploads\/2023\/07\/Dillingen.svg\",\"contentUrl\":\"https:\/\/www.wirtschaftsjunioren-dillingen.de\/wordpress\/wp-content\/uploads\/2023\/07\/Dillingen.svg\",\"width\":388,\"height\":107,\"caption\":\"Wirtschaftsjunioren Dillingen\"},\"image\":{\"@id\":\"https:\/\/www.wirtschaftsjunioren-dillingen.de\/wordpress\/#\/schema\/logo\/image\/\"},\"sameAs\":[\"https:\/\/www.facebook.com\/wj.dlg\/\"]}]}<\/script>\n<!-- \/ Yoast SEO plugin. -->","yoast_head_json":{"title":"Historie - Wirtschaftsjunioren Dillingen","robots":{"index":"index","follow":"follow","max-snippet":"max-snippet:-1","max-image-preview":"max-image-preview:large","max-video-preview":"max-video-preview:-1"},"canonical":"https:\/\/www.wirtschaftsjunioren-dillingen.de\/wordpress\/index.php\/ueber-uns\/historie\/","og_locale":"de_DE","og_type":"article","og_title":"Historie - Wirtschaftsjunioren Dillingen","og_description":"Wir werden eine Historie St\u00fcck f\u00fcr St\u00fcck auf unserer neuen Homepage aufbauen.","og_url":"https:\/\/www.wirtschaftsjunioren-dillingen.de\/wordpress\/index.php\/ueber-uns\/historie\/","og_site_name":"Wirtschaftsjunioren Dillingen","article_publisher":"https:\/\/www.facebook.com\/wj.dlg\/","article_modified_time":"2023-07-19T16:28:29+00:00","twitter_card":"summary_large_image","twitter_misc":{"Gesch\u00e4tzte Lesezeit":"1\u00a0Minute"},"schema":{"@context":"https:\/\/schema.org","@graph":[{"@type":"WebPage","@id":"https:\/\/www.wirtschaftsjunioren-dillingen.de\/wordpress\/index.php\/ueber-uns\/historie\/","url":"https:\/\/www.wirtschaftsjunioren-dillingen.de\/wordpress\/index.php\/ueber-uns\/historie\/","name":"Historie - Wirtschaftsjunioren Dillingen","isPartOf":{"@id":"https:\/\/www.wirtschaftsjunioren-dillingen.de\/wordpress\/#website"},"datePublished":"2020-05-08T08:24:08+00:00","dateModified":"2023-07-19T16:28:29+00:00","breadcrumb":{"@id":"https:\/\/www.wirtschaftsjunioren-dillingen.de\/wordpress\/index.php\/ueber-uns\/historie\/#breadcrumb"},"inLanguage":"de","potentialAction":[{"@type":"ReadAction","target":["https:\/\/www.wirtschaftsjunioren-dillingen.de\/wordpress\/index.php\/ueber-uns\/historie\/"]}]},{"@type":"BreadcrumbList","@id":"https:\/\/www.wirtschaftsjunioren-dillingen.de\/wordpress\/index.php\/ueber-uns\/historie\/#breadcrumb","itemListElement":[{"@type":"ListItem","position":1,"name":"Home","item":"https:\/\/www.wirtschaftsjunioren-dillingen.de\/wordpress\/"},{"@type":"ListItem","position":2,"name":"\u00dcber uns","item":"https:\/\/www.wirtschaftsjunioren-dillingen.de\/wordpress\/index.php\/ueber-uns\/"},{"@type":"ListItem","position":3,"name":"Historie"}]},{"@type":"WebSite","@id":"https:\/\/www.wirtschaftsjunioren-dillingen.de\/wordpress\/#website","url":"https:\/\/www.wirtschaftsjunioren-dillingen.de\/wordpress\/","name":"Wirtschaftsjunioren Dillingen","description":"Die Seite der WJ Dillingen","publisher":{"@id":"https:\/\/www.wirtschaftsjunioren-dillingen.de\/wordpress\/#organization"},"potentialAction":[{"@type":"SearchAction","target":{"@type":"EntryPoint","urlTemplate":"https:\/\/www.wirtschaftsjunioren-dillingen.de\/wordpress\/?s={search_term_string}"},"query-input":{"@type":"PropertyValueSpecification","valueRequired":true,"valueName":"search_term_string"}}],"inLanguage":"de"},{"@type":"Organization","@id":"https:\/\/www.wirtschaftsjunioren-dillingen.de\/wordpress\/#organization","name":"Wirtschaftsjunioren Dillingen","url":"https:\/\/www.wirtschaftsjunioren-dillingen.de\/wordpress\/","logo":{"@type":"ImageObject","inLanguage":"de","@id":"https:\/\/www.wirtschaftsjunioren-dillingen.de\/wordpress\/#\/schema\/logo\/image\/","url":"https:\/\/www.wirtschaftsjunioren-dillingen.de\/wordpress\/wp-content\/uploads\/2023\/07\/Dillingen.svg","contentUrl":"https:\/\/www.wirtschaftsjunioren-dillingen.de\/wordpress\/wp-content\/uploads\/2023\/07\/Dillingen.svg","width":388,"height":107,"caption":"Wirtschaftsjunioren Dillingen"},"image":{"@id":"https:\/\/www.wirtschaftsjunioren-dillingen.de\/wordpress\/#\/schema\/logo\/image\/"},"sameAs":["https:\/\/www.facebook.com\/wj.dlg\/"]}]}},"_links":{"self":[{"href":"https:\/\/www.wirtschaftsjunioren-dillingen.de\/wordpress\/index.php\/wp-json\/wp\/v2\/pages\/266","targetHints":{"allow":["GET"]}}],"collection":[{"href":"https:\/\/www.wirtschaftsjunioren-dillingen.de\/wordpress\/index.php\/wp-json\/wp\/v2\/pages"}],"about":[{"href":"https:\/\/www.wirtschaftsjunioren-dillingen.de\/wordpress\/index.php\/wp-json\/wp\/v2\/types\/page"}],"author":[{"embeddable":true,"href":"https:\/\/www.wirtschaftsjunioren-dillingen.de\/wordpress\/index.php\/wp-json\/wp\/v2\/users\/1"}],"replies":[{"embeddable":true,"href":"https:\/\/www.wirtschaftsjunioren-dillingen.de\/wordpress\/index.php\/wp-json\/wp\/v2\/comments?post=266"}],"version-history":[{"count":1,"href":"https:\/\/www.wirtschaftsjunioren-dillingen.de\/wordpress\/index.php\/wp-json\/wp\/v2\/pages\/266\/revisions"}],"predecessor-version":[{"id":136470,"href":"https:\/\/www.wirtschaftsjunioren-dillingen.de\/wordpress\/index.php\/wp-json\/wp\/v2\/pages\/266\/revisions\/136470"}],"up":[{"embeddable":true,"href":"https:\/\/www.wirtschaftsjunioren-dillingen.de\/wordpress\/index.php\/wp-json\/wp\/v2\/pages\/180"}],"wp:attachment":[{"href":"https:\/\/www.wirtschaftsjunioren-dillingen.de\/wordpress\/index.php\/wp-json\/wp\/v2\/media?parent=266"}],"curies":[{"name":"wp","href":"https:\/\/api.w.org\/{rel}","templated":true}]}}