{"id":68,"date":"2020-03-25T21:05:52","date_gmt":"2020-03-25T20:05:52","guid":{"rendered":"http:\/\/20.wj-karlsruhe.de.dedi4031.your-server.de\/?page_id=68"},"modified":"2023-07-21T19:59:27","modified_gmt":"2023-07-21T19:59:27","slug":"startseite","status":"publish","type":"page","link":"https:\/\/www.wirtschaftsjunioren-dillingen.de\/wordpress\/","title":{"rendered":"Wirtschaftsjunioren Dillingen"},"content":{"rendered":"<div class=\"v-hero hero has-max-width mb-xxl\"><div class=\"hero-swiper test swiper-container\"><div class=\"swiper-wrapper\"><div class=\"swiper-slide\" style=\"\n                                height:750px !important;\n                                background-image:url(https:\/\/www.wirtschaftsjunioren-dillingen.de\/wordpress\/wp-content\/uploads\/2023\/07\/Stadtsaal_Dillingen.jpg);\n                                background-position:center center;\n                                background-repeat: no-repeat;\n                                background-size:cover\n                                \"><\/div><div class=\"swiper-slide\" style=\"\n                                height:750px !important;\n                                background-image:url(https:\/\/www.wirtschaftsjunioren-dillingen.de\/wordpress\/wp-content\/uploads\/2023\/07\/Rathaus_Dillingen.jpg);\n                                background-position:center center;\n                                background-repeat: no-repeat;\n                                background-size:cover\n                                \"><\/div><div class=\"swiper-slide\" style=\"\n                                height:750px !important;\n                                background-image:url(https:\/\/www.wirtschaftsjunioren-dillingen.de\/wordpress\/wp-content\/uploads\/2023\/07\/ObereApo_Lehrerakademie_Dil.jpg);\n                                background-position:center center;\n                                background-repeat: no-repeat;\n                                background-size:cover\n                                \"><\/div><div class=\"swiper-slide\" style=\"\n                                height:750px !important;\n                                background-image:url(https:\/\/www.wirtschaftsjunioren-dillingen.de\/wordpress\/wp-content\/uploads\/2023\/07\/Schloss_Dillingen.jpg);\n                                background-position:center center;\n                                background-repeat: no-repeat;\n                                background-size:cover\n                                \"><\/div><div class=\"swiper-slide\" style=\"\n                                height:750px !important;\n                                background-image:url(https:\/\/www.wirtschaftsjunioren-dillingen.de\/wordpress\/wp-content\/uploads\/2023\/07\/Donau_Dillingen.jpg);\n                                background-position:center center;\n                                background-repeat: no-repeat;\n                                background-size:cover\n                                \"><\/div><\/div><\/div><div class=\"hero__box  is-highlighted\"><h1 class=\"hero__headline\">Die Wirtschaftsjunioren im Landkreis Dillingen<\/h1><h3 class=\"hero__subheadline\">JCI Germany | Dillingen<\/h3><ul class=\"hero__pagination no-list-style\"><\/ul><\/div><\/div>\n\n<div class=\"headline-section\"><div class=\"headline-section__content container text-center\"><h2 class=\"headline-section__headline is-highlighted\">Die Wirtschaftsjunioren stellen sich vor<\/h2><\/div><\/div><div class=\"section\" data-card-image-height=\"-1\" data-card-image-orientation=\"image-middle-center\"><div class=\"section__content container\">\n<div class=\"wp-block-wjd-group\">\n<p>Wir Wirtschaftsjunioren: Das sind rund 10.000 Unternehmer und F\u00fchrungskr\u00e4fte unter 40 Jahren. Wir sind global vernetzt und als gr\u00f6\u00dftes Netzwerk junger Wirtschaft in Deutschland mit rund 215 Mitgliedskreisen vor Ort pr\u00e4sent. <\/p>\n\n\n\n<p>Der Erfahrungsaustausch und die gemeinsame Projektbearbeitung geben den Mitgliedern die Gelegenheit, ihre Interessen und F\u00e4higkeiten einzusetzen und aktuelle Themen mit Leben zu f\u00fcllen. Dadurch wird es m\u00f6glich, \u00fcber den Tellerrand des eigenen Unternehmens hinaus zu blicken.<\/p>\n\n\n\n<p><strong>Wer bei uns mitmacht, engagiert sich im Beruf und will dar\u00fcber hinaus auch etwas bewegen.<\/strong><\/p>\n\n\n\n<p>Mit unserem wirtschaftspolitischen und gesellschaftlichen Engagement \u00fcbernehmen wir Verantwortung f\u00fcr die Zukunft und geben der jungen Wirtschaft eine Stimme.&nbsp;Wir f\u00f6rdern den Austausch und die Entwicklung junger Unternehmer und F\u00fchrungskr\u00e4fte.<\/p>\n<\/div>\n<\/div><\/div>\n\n<div class=\"headline-section\"><div class=\"headline-section__content container text-center\"><h2 class=\"headline-section__headline is-highlighted\">News<\/h2><\/div><\/div><div class=\"section\" data-card-image-height=\"-1\" data-card-image-orientation=\"image-middle-center\"><div class=\"section__content container\">\n<div class=\"wp-block-wjd-group news\">            <div class=\"wp-block-columns news\">\n                                <div class=\"wp-block-column\">\n                    <div class=\"card has-image has-credit has-cta has-link\">\n                                                    <div class=\"card__image-wrapper\">\n                                <figure class=\"figure\">\n                                    <div class=\"figure__image-wrapper is-highlighted\">\n                                        <div class=\"figure__image\">\n                                            <a class=\"card__image-link\" href=\"#default\">\n                                                <img decoding=\"async\" src=\"https:\/\/www.wirtschaftsjunioren-dillingen.de\/wordpress\/wp-content\/uploads\/2026\/03\/Reitzner.jpeg\">\n                                            <\/a>\n                                        <\/div>\n                                    <\/div>\n                                <\/figure>\n                            <\/div>\n                                                <div class=\"card__content\">\n                            <ul class=\"card__meta-data no-list-style\">\n                                <li class=\"card__meta-data-item is-date\">24.11.2025<\/li>\n                                <li class=\"card__meta-data-item is-text\">Vorstand 2025<\/li>\n                            <\/ul>\n                            <div class=\"card__main\">\n                                <h3 class=\"card__headline\">Betriebsbesichtigung Fa. Reitzner<\/h3>\n                                <div class=\"rte-content v-margin-collapse\">\n                                    <p>Die Gesch\u00e4ftsf\u00fchrer gaben einen Einblick in das f\u00fchrende IT-Service Haus in der Region.<\/p>\n                                <\/div>\n                            <\/div>\n                            <div class=\"card__footer\">\n                                <a href=\"https:\/\/www.wirtschaftsjunioren-dillingen.de\/wordpress\/index.php\/2025\/11\/24\/betriebsbesichtigung-fa-reitzner\/\" ref=\"cta\" class=\"card__cta is-link n-link\" target=\"_self\">Mehr lesen<i class=\"card__icon  fas fa-chevron-right\" aria-hidden=\"true\"><\/i><\/a>\n                            <\/div>\n                        <\/div>\n                    <\/div>\n                <\/div>\n                                <div class=\"wp-block-column\">\n                    <div class=\"card has-image has-credit has-cta has-link\">\n                                                    <div class=\"card__image-wrapper\">\n                                <figure class=\"figure\">\n                                    <div class=\"figure__image-wrapper is-highlighted\">\n                                        <div class=\"figure__image\">\n                                            <a class=\"card__image-link\" href=\"#default\">\n                                                <img decoding=\"async\" src=\"https:\/\/www.wirtschaftsjunioren-dillingen.de\/wordpress\/wp-content\/uploads\/2026\/03\/Herbstempfang-WJ.jpg\">\n                                            <\/a>\n                                        <\/div>\n                                    <\/div>\n                                <\/figure>\n                            <\/div>\n                                                <div class=\"card__content\">\n                            <ul class=\"card__meta-data no-list-style\">\n                                <li class=\"card__meta-data-item is-date\">10.11.2025<\/li>\n                                <li class=\"card__meta-data-item is-text\">Vorstand 2025<\/li>\n                            <\/ul>\n                            <div class=\"card__main\">\n                                <h3 class=\"card__headline\">IHK-Herbstempfang<\/h3>\n                                <div class=\"rte-content v-margin-collapse\">\n                                    <p>Toller Abend! Speaker waren Christoph von Marshall (Langj\u00e4hriger Korrespondent vom wei\u00dfen Haus) wo einen Einblick auf die aktuelle wirtschaftliche &amp; politische Situation gab &amp; es gab eine Podiumsdiskussion mit Manuel Knoll (CSU) und Marina Jakob (Freie W\u00e4hler) mit der IHK Gesch\u00e4ftsleitung.<\/p>\n                                <\/div>\n                            <\/div>\n                            <div class=\"card__footer\">\n                                <a href=\"https:\/\/www.wirtschaftsjunioren-dillingen.de\/wordpress\/index.php\/2025\/11\/10\/ihk-herbstempfang\/\" ref=\"cta\" class=\"card__cta is-link n-link\" target=\"_self\">Mehr lesen<i class=\"card__icon  fas fa-chevron-right\" aria-hidden=\"true\"><\/i><\/a>\n                            <\/div>\n                        <\/div>\n                    <\/div>\n                <\/div>\n                                <div class=\"wp-block-column\">\n                    <div class=\"card has-image has-credit has-cta has-link\">\n                                                    <div class=\"card__image-wrapper\">\n                                <figure class=\"figure\">\n                                    <div class=\"figure__image-wrapper is-highlighted\">\n                                        <div class=\"figure__image\">\n                                            <a class=\"card__image-link\" href=\"#default\">\n                                                <img decoding=\"async\" src=\"https:\/\/www.wirtschaftsjunioren-dillingen.de\/wordpress\/wp-content\/uploads\/2026\/03\/Kamingespraech-Landrat-WJ.jpg\">\n                                            <\/a>\n                                        <\/div>\n                                    <\/div>\n                                <\/figure>\n                            <\/div>\n                                                <div class=\"card__content\">\n                            <ul class=\"card__meta-data no-list-style\">\n                                <li class=\"card__meta-data-item is-date\">23.09.2025<\/li>\n                                <li class=\"card__meta-data-item is-text\">Vorstand 2025<\/li>\n                            <\/ul>\n                            <div class=\"card__main\">\n                                <h3 class=\"card__headline\">Kamingespr\u00e4ch mit dem Landrat<\/h3>\n                                <div class=\"rte-content v-margin-collapse\">\n                                    <p>In dem Austausch nahm der Landrat Stellung zu Themen rund um die Krankenhausreform, Hochwasserschutz, Vergabekriterien von \u00f6ffentlichen Auftr\u00e4gen, den Ausbau der B16 uvm.<\/p>\n                                <\/div>\n                            <\/div>\n                            <div class=\"card__footer\">\n                                <a href=\"https:\/\/www.wirtschaftsjunioren-dillingen.de\/wordpress\/index.php\/2025\/09\/23\/kamingespraech-mit-dem-landrat-war-am-23-09\/\" ref=\"cta\" class=\"card__cta is-link n-link\" target=\"_self\">Mehr lesen<i class=\"card__icon  fas fa-chevron-right\" aria-hidden=\"true\"><\/i><\/a>\n                            <\/div>\n                        <\/div>\n                    <\/div>\n                <\/div>\n                            \n            <\/div>\n        \n<\/div>\n<\/div><\/div>\n\n<div class=\"section is-funky is-inverted \" data-card-image-height=\"-1\" data-card-image-orientation=\"image-middle-center\"><div class=\"headline-section\"><div class=\"headline-section__content container text-center is-inverted is-transparent\"><h2 class=\"headline-section__headline\">Du m\u00f6chtest auch ein*e Junior*in <br>bei den WJ Dillingen werden?<\/h2><\/div><\/div><div class=\"section__content container\">\n<div class=\"wp-block-wjd-group\">\n<p>Du bist F\u00fchrungskraft in einem im Landkreis Dillingen ans\u00e4ssigen Unternehmen oder Selbstst\u00e4ndige*r und aktuell unter 40 Jahre alt? Oder hast du deinen Lebensmittelpunkt hier im Landkreis Dillingen und m\u00f6chtest dich f\u00fcr die Wirtschaft vor Ort engagieren?<br><br><strong>Prima: Dann erf\u00fcllst du die Grundvoraussetzungen und hast du die Chance, dich bei uns um eine Gastmitgliedschaft zu bewerben. <br><\/strong>Alle Informationen zum Bewerbungsprozess und der Bewerbung um eine Gastmitgliedschaft in unserem Kreis findest du unter &#8222;Mitglied werden&#8220;.<\/p>\n\n\n<div class=\"wjd-button-wrapper center\"><a href=\"https:\/\/www.wirtschaftsjunioren-dillingen.de\/wordpress\/index.php\/mitglied-werden\/\"  class=\"button  is-tertiary\"><span class=\"button__text\">Mitglied werden<\/span><\/a><\/div><\/div>\n<\/div><\/div>\n\n<div class=\"headline-section\"><div class=\"headline-section__content container text-center\"><h2 class=\"headline-section__headline is-highlighted\">Kommende Events<\/h2><\/div><\/div><div class=\"section\" data-card-image-height=\"-1\" data-card-image-orientation=\"image-middle-center\"><div class=\"section__content container\">\n<div class=\"wp-block-wjd-group front_page_current_events\"><div class=\"wjd-button-wrapper center\"><a href=\"https:\/\/www.wirtschaftsjunioren-dillingen.de\/wordpress\/index.php\/kommende-events\/\"  class=\"button  is-default\"><span class=\"button__text\">Alle kommenden Events ansehen<\/span><\/a><\/div><\/div>\n<\/div><\/div>","protected":false},"excerpt":{"rendered":"","protected":false},"author":1,"featured_media":0,"parent":0,"menu_order":-100,"comment_status":"closed","ping_status":"closed","template":"","meta":{"footnotes":""},"class_list":["post-68","page","type-page","status-publish","hentry"],"yoast_head":"<!-- This site is optimized with the Yoast SEO plugin v26.0 - https:\/\/yoast.com\/wordpress\/plugins\/seo\/ -->\n<title>Wirtschaftsjunioren Dillingen \u2013 Die junge Wirtschaft<\/title>\n<meta name=\"description\" content=\"Die Wirtschaftsjunioren sind ein Kreis junger, selbst\u00e4ndiger Unternehmer und angestellter F\u00fchrungskr\u00e4fte im Alter bis zu 40 Jahren unter dem Dach der IHK.\" \/>\n<meta name=\"robots\" content=\"index, follow, max-snippet:-1, max-image-preview:large, max-video-preview:-1\" \/>\n<link rel=\"canonical\" href=\"https:\/\/www.wirtschaftsjunioren-dillingen.de\/wordpress\/\" \/>\n<meta property=\"og:locale\" content=\"de_DE\" \/>\n<meta property=\"og:type\" content=\"article\" \/>\n<meta property=\"og:title\" content=\"Wirtschaftsjunioren Dillingen \u2013 Die junge Wirtschaft\" \/>\n<meta property=\"og:description\" content=\"Die Wirtschaftsjunioren sind ein Kreis junger, selbst\u00e4ndiger Unternehmer und angestellter F\u00fchrungskr\u00e4fte im Alter bis zu 40 Jahren unter dem Dach der IHK.\" \/>\n<meta property=\"og:url\" content=\"https:\/\/www.wirtschaftsjunioren-dillingen.de\/wordpress\/\" \/>\n<meta property=\"og:site_name\" content=\"Wirtschaftsjunioren Dillingen\" \/>\n<meta property=\"article:publisher\" content=\"https:\/\/www.facebook.com\/wj.dlg\/\" \/>\n<meta property=\"article:modified_time\" content=\"2023-07-21T19:59:27+00:00\" \/>\n<meta property=\"og:image\" content=\"https:\/\/www.wirtschaftsjunioren-dillingen.de\/wordpress\/wp-content\/uploads\/2023\/07\/Stadtsaal_Dillingen.jpg\" \/>\n<meta name=\"twitter:card\" content=\"summary_large_image\" \/>\n<meta name=\"twitter:label1\" content=\"Gesch\u00e4tzte Lesezeit\" \/>\n\t<meta name=\"twitter:data1\" content=\"3\u00a0Minuten\" \/>\n<script type=\"application\/ld+json\" class=\"yoast-schema-graph\">{\"@context\":\"https:\/\/schema.org\",\"@graph\":[{\"@type\":\"WebPage\",\"@id\":\"https:\/\/www.wirtschaftsjunioren-dillingen.de\/wordpress\/\",\"url\":\"https:\/\/www.wirtschaftsjunioren-dillingen.de\/wordpress\/\",\"name\":\"Wirtschaftsjunioren Dillingen \u2013 Die junge Wirtschaft\",\"isPartOf\":{\"@id\":\"https:\/\/www.wirtschaftsjunioren-dillingen.de\/wordpress\/#website\"},\"primaryImageOfPage\":{\"@id\":\"https:\/\/www.wirtschaftsjunioren-dillingen.de\/wordpress\/#primaryimage\"},\"image\":{\"@id\":\"https:\/\/www.wirtschaftsjunioren-dillingen.de\/wordpress\/#primaryimage\"},\"thumbnailUrl\":\"https:\/\/www.wirtschaftsjunioren-dillingen.de\/wordpress\/wp-content\/uploads\/2023\/07\/Stadtsaal_Dillingen.jpg\",\"datePublished\":\"2020-03-25T20:05:52+00:00\",\"dateModified\":\"2023-07-21T19:59:27+00:00\",\"description\":\"Die Wirtschaftsjunioren sind ein Kreis junger, selbst\u00e4ndiger Unternehmer und angestellter F\u00fchrungskr\u00e4fte im Alter bis zu 40 Jahren unter dem Dach der IHK.\",\"breadcrumb\":{\"@id\":\"https:\/\/www.wirtschaftsjunioren-dillingen.de\/wordpress\/#breadcrumb\"},\"inLanguage\":\"de\",\"potentialAction\":[{\"@type\":\"ReadAction\",\"target\":[\"https:\/\/www.wirtschaftsjunioren-dillingen.de\/wordpress\/\"]}]},{\"@type\":\"ImageObject\",\"inLanguage\":\"de\",\"@id\":\"https:\/\/www.wirtschaftsjunioren-dillingen.de\/wordpress\/#primaryimage\",\"url\":\"https:\/\/www.wirtschaftsjunioren-dillingen.de\/wordpress\/wp-content\/uploads\/2023\/07\/Stadtsaal_Dillingen.jpg\",\"contentUrl\":\"https:\/\/www.wirtschaftsjunioren-dillingen.de\/wordpress\/wp-content\/uploads\/2023\/07\/Stadtsaal_Dillingen.jpg\",\"width\":1280,\"height\":800},{\"@type\":\"BreadcrumbList\",\"@id\":\"https:\/\/www.wirtschaftsjunioren-dillingen.de\/wordpress\/#breadcrumb\",\"itemListElement\":[{\"@type\":\"ListItem\",\"position\":1,\"name\":\"Home\",\"item\":\"https:\/\/www.wirtschaftsjunioren-dillingen.de\/wordpress\/\"},{\"@type\":\"ListItem\",\"position\":2,\"name\":\"Wirtschaftsjunioren Dillingen\"}]},{\"@type\":\"WebSite\",\"@id\":\"https:\/\/www.wirtschaftsjunioren-dillingen.de\/wordpress\/#website\",\"url\":\"https:\/\/www.wirtschaftsjunioren-dillingen.de\/wordpress\/\",\"name\":\"Wirtschaftsjunioren Dillingen\",\"description\":\"Die Seite der WJ Dillingen\",\"publisher\":{\"@id\":\"https:\/\/www.wirtschaftsjunioren-dillingen.de\/wordpress\/#organization\"},\"potentialAction\":[{\"@type\":\"SearchAction\",\"target\":{\"@type\":\"EntryPoint\",\"urlTemplate\":\"https:\/\/www.wirtschaftsjunioren-dillingen.de\/wordpress\/?s={search_term_string}\"},\"query-input\":{\"@type\":\"PropertyValueSpecification\",\"valueRequired\":true,\"valueName\":\"search_term_string\"}}],\"inLanguage\":\"de\"},{\"@type\":\"Organization\",\"@id\":\"https:\/\/www.wirtschaftsjunioren-dillingen.de\/wordpress\/#organization\",\"name\":\"Wirtschaftsjunioren Dillingen\",\"url\":\"https:\/\/www.wirtschaftsjunioren-dillingen.de\/wordpress\/\",\"logo\":{\"@type\":\"ImageObject\",\"inLanguage\":\"de\",\"@id\":\"https:\/\/www.wirtschaftsjunioren-dillingen.de\/wordpress\/#\/schema\/logo\/image\/\",\"url\":\"https:\/\/www.wirtschaftsjunioren-dillingen.de\/wordpress\/wp-content\/uploads\/2023\/07\/Dillingen.svg\",\"contentUrl\":\"https:\/\/www.wirtschaftsjunioren-dillingen.de\/wordpress\/wp-content\/uploads\/2023\/07\/Dillingen.svg\",\"width\":388,\"height\":107,\"caption\":\"Wirtschaftsjunioren Dillingen\"},\"image\":{\"@id\":\"https:\/\/www.wirtschaftsjunioren-dillingen.de\/wordpress\/#\/schema\/logo\/image\/\"},\"sameAs\":[\"https:\/\/www.facebook.com\/wj.dlg\/\"]}]}<\/script>\n<!-- \/ Yoast SEO plugin. -->","yoast_head_json":{"title":"Wirtschaftsjunioren Dillingen \u2013 Die junge Wirtschaft","description":"Die Wirtschaftsjunioren sind ein Kreis junger, selbst\u00e4ndiger Unternehmer und angestellter F\u00fchrungskr\u00e4fte im Alter bis zu 40 Jahren unter dem Dach der IHK.","robots":{"index":"index","follow":"follow","max-snippet":"max-snippet:-1","max-image-preview":"max-image-preview:large","max-video-preview":"max-video-preview:-1"},"canonical":"https:\/\/www.wirtschaftsjunioren-dillingen.de\/wordpress\/","og_locale":"de_DE","og_type":"article","og_title":"Wirtschaftsjunioren Dillingen \u2013 Die junge Wirtschaft","og_description":"Die Wirtschaftsjunioren sind ein Kreis junger, selbst\u00e4ndiger Unternehmer und angestellter F\u00fchrungskr\u00e4fte im Alter bis zu 40 Jahren unter dem Dach der IHK.","og_url":"https:\/\/www.wirtschaftsjunioren-dillingen.de\/wordpress\/","og_site_name":"Wirtschaftsjunioren Dillingen","article_publisher":"https:\/\/www.facebook.com\/wj.dlg\/","article_modified_time":"2023-07-21T19:59:27+00:00","og_image":[{"url":"https:\/\/www.wirtschaftsjunioren-dillingen.de\/wordpress\/wp-content\/uploads\/2023\/07\/Stadtsaal_Dillingen.jpg","type":"","width":"","height":""}],"twitter_card":"summary_large_image","twitter_misc":{"Gesch\u00e4tzte Lesezeit":"3\u00a0Minuten"},"schema":{"@context":"https:\/\/schema.org","@graph":[{"@type":"WebPage","@id":"https:\/\/www.wirtschaftsjunioren-dillingen.de\/wordpress\/","url":"https:\/\/www.wirtschaftsjunioren-dillingen.de\/wordpress\/","name":"Wirtschaftsjunioren Dillingen \u2013 Die junge Wirtschaft","isPartOf":{"@id":"https:\/\/www.wirtschaftsjunioren-dillingen.de\/wordpress\/#website"},"primaryImageOfPage":{"@id":"https:\/\/www.wirtschaftsjunioren-dillingen.de\/wordpress\/#primaryimage"},"image":{"@id":"https:\/\/www.wirtschaftsjunioren-dillingen.de\/wordpress\/#primaryimage"},"thumbnailUrl":"https:\/\/www.wirtschaftsjunioren-dillingen.de\/wordpress\/wp-content\/uploads\/2023\/07\/Stadtsaal_Dillingen.jpg","datePublished":"2020-03-25T20:05:52+00:00","dateModified":"2023-07-21T19:59:27+00:00","description":"Die Wirtschaftsjunioren sind ein Kreis junger, selbst\u00e4ndiger Unternehmer und angestellter F\u00fchrungskr\u00e4fte im Alter bis zu 40 Jahren unter dem Dach der IHK.","breadcrumb":{"@id":"https:\/\/www.wirtschaftsjunioren-dillingen.de\/wordpress\/#breadcrumb"},"inLanguage":"de","potentialAction":[{"@type":"ReadAction","target":["https:\/\/www.wirtschaftsjunioren-dillingen.de\/wordpress\/"]}]},{"@type":"ImageObject","inLanguage":"de","@id":"https:\/\/www.wirtschaftsjunioren-dillingen.de\/wordpress\/#primaryimage","url":"https:\/\/www.wirtschaftsjunioren-dillingen.de\/wordpress\/wp-content\/uploads\/2023\/07\/Stadtsaal_Dillingen.jpg","contentUrl":"https:\/\/www.wirtschaftsjunioren-dillingen.de\/wordpress\/wp-content\/uploads\/2023\/07\/Stadtsaal_Dillingen.jpg","width":1280,"height":800},{"@type":"BreadcrumbList","@id":"https:\/\/www.wirtschaftsjunioren-dillingen.de\/wordpress\/#breadcrumb","itemListElement":[{"@type":"ListItem","position":1,"name":"Home","item":"https:\/\/www.wirtschaftsjunioren-dillingen.de\/wordpress\/"},{"@type":"ListItem","position":2,"name":"Wirtschaftsjunioren Dillingen"}]},{"@type":"WebSite","@id":"https:\/\/www.wirtschaftsjunioren-dillingen.de\/wordpress\/#website","url":"https:\/\/www.wirtschaftsjunioren-dillingen.de\/wordpress\/","name":"Wirtschaftsjunioren Dillingen","description":"Die Seite der WJ Dillingen","publisher":{"@id":"https:\/\/www.wirtschaftsjunioren-dillingen.de\/wordpress\/#organization"},"potentialAction":[{"@type":"SearchAction","target":{"@type":"EntryPoint","urlTemplate":"https:\/\/www.wirtschaftsjunioren-dillingen.de\/wordpress\/?s={search_term_string}"},"query-input":{"@type":"PropertyValueSpecification","valueRequired":true,"valueName":"search_term_string"}}],"inLanguage":"de"},{"@type":"Organization","@id":"https:\/\/www.wirtschaftsjunioren-dillingen.de\/wordpress\/#organization","name":"Wirtschaftsjunioren Dillingen","url":"https:\/\/www.wirtschaftsjunioren-dillingen.de\/wordpress\/","logo":{"@type":"ImageObject","inLanguage":"de","@id":"https:\/\/www.wirtschaftsjunioren-dillingen.de\/wordpress\/#\/schema\/logo\/image\/","url":"https:\/\/www.wirtschaftsjunioren-dillingen.de\/wordpress\/wp-content\/uploads\/2023\/07\/Dillingen.svg","contentUrl":"https:\/\/www.wirtschaftsjunioren-dillingen.de\/wordpress\/wp-content\/uploads\/2023\/07\/Dillingen.svg","width":388,"height":107,"caption":"Wirtschaftsjunioren Dillingen"},"image":{"@id":"https:\/\/www.wirtschaftsjunioren-dillingen.de\/wordpress\/#\/schema\/logo\/image\/"},"sameAs":["https:\/\/www.facebook.com\/wj.dlg\/"]}]}},"_links":{"self":[{"href":"https:\/\/www.wirtschaftsjunioren-dillingen.de\/wordpress\/index.php\/wp-json\/wp\/v2\/pages\/68","targetHints":{"allow":["GET"]}}],"collection":[{"href":"https:\/\/www.wirtschaftsjunioren-dillingen.de\/wordpress\/index.php\/wp-json\/wp\/v2\/pages"}],"about":[{"href":"https:\/\/www.wirtschaftsjunioren-dillingen.de\/wordpress\/index.php\/wp-json\/wp\/v2\/types\/page"}],"author":[{"embeddable":true,"href":"https:\/\/www.wirtschaftsjunioren-dillingen.de\/wordpress\/index.php\/wp-json\/wp\/v2\/users\/1"}],"replies":[{"embeddable":true,"href":"https:\/\/www.wirtschaftsjunioren-dillingen.de\/wordpress\/index.php\/wp-json\/wp\/v2\/comments?post=68"}],"version-history":[{"count":12,"href":"https:\/\/www.wirtschaftsjunioren-dillingen.de\/wordpress\/index.php\/wp-json\/wp\/v2\/pages\/68\/revisions"}],"predecessor-version":[{"id":136523,"href":"https:\/\/www.wirtschaftsjunioren-dillingen.de\/wordpress\/index.php\/wp-json\/wp\/v2\/pages\/68\/revisions\/136523"}],"wp:attachment":[{"href":"https:\/\/www.wirtschaftsjunioren-dillingen.de\/wordpress\/index.php\/wp-json\/wp\/v2\/media?parent=68"}],"curies":[{"name":"wp","href":"https:\/\/api.w.org\/{rel}","templated":true}]}}